{"id":79,"date":"2022-01-12T12:52:02","date_gmt":"2022-01-12T12:52:02","guid":{"rendered":"https:\/\/kktchurda.com\/?page_id=79"},"modified":"2022-01-12T19:10:44","modified_gmt":"2022-01-12T19:10:44","slug":"kurumsal","status":"publish","type":"page","link":"https:\/\/kktchurda.com\/?page_id=79","title":{"rendered":"KURUMSAL"},"content":{"rendered":"\n<h3><sup>\u015eirketimiz g\u00fcvenilir, d\u00fcr\u00fcst ve \u00e7al\u0131\u015fkan bir \u00e7al\u0131\u015fma prensibine sahiptir. Geri d\u00f6n\u00fc\u015f\u00fcm i\u00e7in gerekli t\u00fcm makine ve te\u00e7hizat\u0131 kullanarak siz de\u011ferli m\u00fc\u015fterilerimizin i\u015flerini pratik ve h\u0131zl\u0131 bir \u015fekilde ger\u00e7ekle\u015ftirmekteyiz.<\/sup><\/h3>\n\n\n\n<h3>Ada genelinde her t\u00fcrl\u00fc hurda , hurda ara\u00e7 , hurda ak\u00fc , yedek par\u00e7a , ikinci el kap\u0131 , pencere muhtelif ev e\u015fyalar\u0131 al\u0131m sat\u0131m \u015firketidir <\/h3>\n\n\n\n<h3><sup>M\u00fc\u015fterilerimizin s\u00fcrekli ihtiya\u00e7 duydu\u011fu hurdalar\u0131 stoklar\u0131m\u0131zda bulundurmaktay\u0131z. \u00c7al\u0131\u015fmakta oldu\u011fumuz m\u00fc\u015fterilerimize hurda tedarikinde problem ya\u015fatmamaktay\u0131z.<\/sup><\/h3>\n\n\n\n<h3>&nbsp;<sup>&nbsp; &nbsp; &nbsp; &nbsp; &nbsp;<\/sup><\/h3>\n\n\n\n<p><\/p>\n","protected":false},"excerpt":{"rendered":"<p>\u015eirketimiz g\u00fcvenilir, d\u00fcr\u00fcst ve \u00e7al\u0131\u015fkan bir \u00e7al\u0131\u015fma prensibine sahiptir. Geri d\u00f6n\u00fc\u015f\u00fcm i\u00e7in gerekli t\u00fcm makine ve te\u00e7hizat\u0131 kullanarak siz de\u011ferli m\u00fc\u015fterilerimizin i\u015flerini pratik ve h\u0131zl\u0131 bir \u015fekilde ger\u00e7ekle\u015ftirmekteyiz. Ada genelinde her t\u00fcrl\u00fc hurda , hurda ara\u00e7 , hurda ak\u00fc , yedek par\u00e7a , ikinci el kap\u0131 , pencere muhtelif ev e\u015fyalar\u0131 al\u0131m sat\u0131m \u015firketidir M\u00fc\u015fterilerimizin [&hellip;]<\/p>\n","protected":false},"author":2,"featured_media":0,"parent":0,"menu_order":0,"comment_status":"closed","ping_status":"closed","template":"","meta":[],"_links":{"self":[{"href":"https:\/\/kktchurda.com\/index.php?rest_route=\/wp\/v2\/pages\/79"}],"collection":[{"href":"https:\/\/kktchurda.com\/index.php?rest_route=\/wp\/v2\/pages"}],"about":[{"href":"https:\/\/kktchurda.com\/index.php?rest_route=\/wp\/v2\/types\/page"}],"author":[{"embeddable":true,"href":"https:\/\/kktchurda.com\/index.php?rest_route=\/wp\/v2\/users\/2"}],"replies":[{"embeddable":true,"href":"https:\/\/kktchurda.com\/index.php?rest_route=%2Fwp%2Fv2%2Fcomments&post=79"}],"version-history":[{"count":4,"href":"https:\/\/kktchurda.com\/index.php?rest_route=\/wp\/v2\/pages\/79\/revisions"}],"predecessor-version":[{"id":145,"href":"https:\/\/kktchurda.com\/index.php?rest_route=\/wp\/v2\/pages\/79\/revisions\/145"}],"wp:attachment":[{"href":"https:\/\/kktchurda.com\/index.php?rest_route=%2Fwp%2Fv2%2Fmedia&parent=79"}],"curies":[{"name":"wp","href":"https:\/\/api.w.org\/{rel}","templated":true}]}}