{"id":84,"date":"2022-01-12T12:55:14","date_gmt":"2022-01-12T12:55:14","guid":{"rendered":"https:\/\/kktchurda.com\/?page_id=84"},"modified":"2022-01-12T19:16:52","modified_gmt":"2022-01-12T19:16:52","slug":"referanslarimiz","status":"publish","type":"page","link":"https:\/\/kktchurda.com\/?page_id=84","title":{"rendered":"REFERANSLARIMIZ"},"content":{"rendered":"\n<figure class=\"wp-block-gallery aligncenter columns-1 is-cropped\"><ul class=\"blocks-gallery-grid\"><li class=\"blocks-gallery-item\"><figure><img loading=\"lazy\" width=\"600\" height=\"358\" src=\"https:\/\/kktchurda.com\/wp-content\/uploads\/2022\/01\/toka.webp\" alt=\"\" data-id=\"97\" data-full-url=\"https:\/\/kktchurda.com\/wp-content\/uploads\/2022\/01\/toka.webp\" data-link=\"https:\/\/kktchurda.com\/?attachment_id=97\" class=\"wp-image-97\" srcset=\"https:\/\/kktchurda.com\/wp-content\/uploads\/2022\/01\/toka.webp 600w, https:\/\/kktchurda.com\/wp-content\/uploads\/2022\/01\/toka-300x179.webp 300w\" sizes=\"(max-width: 600px) 100vw, 600px\" \/><\/figure><\/li><\/ul><\/figure>\n\n\n\n<figure class=\"wp-block-pullquote\"><blockquote><p>\u00d6Z \u0130\u015e TORNO<\/p><p>BI\u00c7AK DAMPER<\/p><p>ARSLAN AL\u00dcM\u0130NYUM,<\/p><p>BUCAK AL\u00dcM\u0130NYUM<\/p><p> DO\u011ePEN LTD<\/p><p>NUREL HARF\u0130YAT<\/p><\/blockquote><\/figure>\n","protected":false},"excerpt":{"rendered":"<p>\u00d6Z \u0130\u015e TORNO BI\u00c7AK DAMPER ARSLAN AL\u00dcM\u0130NYUM, BUCAK AL\u00dcM\u0130NYUM DO\u011ePEN LTD NUREL HARF\u0130YAT<\/p>\n","protected":false},"author":2,"featured_media":0,"parent":0,"menu_order":0,"comment_status":"closed","ping_status":"closed","template":"","meta":[],"_links":{"self":[{"href":"https:\/\/kktchurda.com\/index.php?rest_route=\/wp\/v2\/pages\/84"}],"collection":[{"href":"https:\/\/kktchurda.com\/index.php?rest_route=\/wp\/v2\/pages"}],"about":[{"href":"https:\/\/kktchurda.com\/index.php?rest_route=\/wp\/v2\/types\/page"}],"author":[{"embeddable":true,"href":"https:\/\/kktchurda.com\/index.php?rest_route=\/wp\/v2\/users\/2"}],"replies":[{"embeddable":true,"href":"https:\/\/kktchurda.com\/index.php?rest_route=%2Fwp%2Fv2%2Fcomments&post=84"}],"version-history":[{"count":5,"href":"https:\/\/kktchurda.com\/index.php?rest_route=\/wp\/v2\/pages\/84\/revisions"}],"predecessor-version":[{"id":155,"href":"https:\/\/kktchurda.com\/index.php?rest_route=\/wp\/v2\/pages\/84\/revisions\/155"}],"wp:attachment":[{"href":"https:\/\/kktchurda.com\/index.php?rest_route=%2Fwp%2Fv2%2Fmedia&parent=84"}],"curies":[{"name":"wp","href":"https:\/\/api.w.org\/{rel}","templated":true}]}}