{"id":86,"date":"2022-01-12T12:55:59","date_gmt":"2022-01-12T12:55:59","guid":{"rendered":"https:\/\/kktchurda.com\/?page_id=86"},"modified":"2022-01-12T19:12:02","modified_gmt":"2022-01-12T19:12:02","slug":"hizmetlerimiz","status":"publish","type":"page","link":"https:\/\/kktchurda.com\/?page_id=86","title":{"rendered":"H\u0130ZMETLER\u0130M\u0130Z"},"content":{"rendered":"\n<figure class=\"wp-block-gallery columns-3 is-cropped\"><ul class=\"blocks-gallery-grid\"><li class=\"blocks-gallery-item\"><figure><img loading=\"lazy\" width=\"528\" height=\"960\" src=\"https:\/\/kktchurda.com\/wp-content\/uploads\/2022\/01\/WhatsApp-Image-2022-01-11-at-18.07.04-2.jpeg\" alt=\"\" data-id=\"102\" data-link=\"https:\/\/kktchurda.com\/?attachment_id=102\" class=\"wp-image-102\" srcset=\"https:\/\/kktchurda.com\/wp-content\/uploads\/2022\/01\/WhatsApp-Image-2022-01-11-at-18.07.04-2.jpeg 528w, https:\/\/kktchurda.com\/wp-content\/uploads\/2022\/01\/WhatsApp-Image-2022-01-11-at-18.07.04-2-165x300.jpeg 165w\" sizes=\"(max-width: 528px) 100vw, 528px\" \/><\/figure><\/li><li class=\"blocks-gallery-item\"><figure><img loading=\"lazy\" width=\"540\" height=\"960\" src=\"https:\/\/kktchurda.com\/wp-content\/uploads\/2022\/01\/WhatsApp-Image-2022-01-11-at-18.07.05-1.jpeg\" alt=\"\" data-id=\"103\" data-link=\"https:\/\/kktchurda.com\/?attachment_id=103\" class=\"wp-image-103\" srcset=\"https:\/\/kktchurda.com\/wp-content\/uploads\/2022\/01\/WhatsApp-Image-2022-01-11-at-18.07.05-1.jpeg 540w, https:\/\/kktchurda.com\/wp-content\/uploads\/2022\/01\/WhatsApp-Image-2022-01-11-at-18.07.05-1-169x300.jpeg 169w\" sizes=\"(max-width: 540px) 100vw, 540px\" \/><\/figure><\/li><li class=\"blocks-gallery-item\"><figure><img loading=\"lazy\" width=\"528\" height=\"960\" src=\"https:\/\/kktchurda.com\/wp-content\/uploads\/2022\/01\/WhatsApp-Image-2022-01-11-at-18.07.05-2.jpeg\" alt=\"\" data-id=\"104\" data-link=\"https:\/\/kktchurda.com\/?attachment_id=104\" class=\"wp-image-104\" srcset=\"https:\/\/kktchurda.com\/wp-content\/uploads\/2022\/01\/WhatsApp-Image-2022-01-11-at-18.07.05-2.jpeg 528w, https:\/\/kktchurda.com\/wp-content\/uploads\/2022\/01\/WhatsApp-Image-2022-01-11-at-18.07.05-2-165x300.jpeg 165w\" sizes=\"(max-width: 528px) 100vw, 528px\" \/><\/figure><\/li><li class=\"blocks-gallery-item\"><figure><img loading=\"lazy\" width=\"960\" height=\"720\" src=\"https:\/\/kktchurda.com\/wp-content\/uploads\/2022\/01\/WhatsApp-Image-2022-01-11-at-18.07.04-3.jpeg\" alt=\"\" data-id=\"106\" data-link=\"https:\/\/kktchurda.com\/?attachment_id=106\" class=\"wp-image-106\" srcset=\"https:\/\/kktchurda.com\/wp-content\/uploads\/2022\/01\/WhatsApp-Image-2022-01-11-at-18.07.04-3.jpeg 960w, https:\/\/kktchurda.com\/wp-content\/uploads\/2022\/01\/WhatsApp-Image-2022-01-11-at-18.07.04-3-300x225.jpeg 300w, https:\/\/kktchurda.com\/wp-content\/uploads\/2022\/01\/WhatsApp-Image-2022-01-11-at-18.07.04-3-768x576.jpeg 768w\" sizes=\"(max-width: 960px) 100vw, 960px\" \/><\/figure><\/li><li class=\"blocks-gallery-item\"><figure><img loading=\"lazy\" width=\"960\" height=\"721\" src=\"https:\/\/kktchurda.com\/wp-content\/uploads\/2022\/01\/WhatsApp-Image-2022-01-11-at-18.38.54.jpeg\" alt=\"\" data-id=\"108\" data-link=\"https:\/\/kktchurda.com\/?attachment_id=108\" class=\"wp-image-108\" srcset=\"https:\/\/kktchurda.com\/wp-content\/uploads\/2022\/01\/WhatsApp-Image-2022-01-11-at-18.38.54.jpeg 960w, https:\/\/kktchurda.com\/wp-content\/uploads\/2022\/01\/WhatsApp-Image-2022-01-11-at-18.38.54-300x225.jpeg 300w, https:\/\/kktchurda.com\/wp-content\/uploads\/2022\/01\/WhatsApp-Image-2022-01-11-at-18.38.54-768x577.jpeg 768w\" sizes=\"(max-width: 960px) 100vw, 960px\" \/><\/figure><\/li><li class=\"blocks-gallery-item\"><figure><img loading=\"lazy\" width=\"960\" height=\"720\" src=\"https:\/\/kktchurda.com\/wp-content\/uploads\/2022\/01\/WhatsApp-Image-2022-01-11-at-18.38.54-1.jpeg\" alt=\"\" data-id=\"109\" data-link=\"https:\/\/kktchurda.com\/?attachment_id=109\" class=\"wp-image-109\" srcset=\"https:\/\/kktchurda.com\/wp-content\/uploads\/2022\/01\/WhatsApp-Image-2022-01-11-at-18.38.54-1.jpeg 960w, https:\/\/kktchurda.com\/wp-content\/uploads\/2022\/01\/WhatsApp-Image-2022-01-11-at-18.38.54-1-300x225.jpeg 300w, https:\/\/kktchurda.com\/wp-content\/uploads\/2022\/01\/WhatsApp-Image-2022-01-11-at-18.38.54-1-768x576.jpeg 768w\" sizes=\"(max-width: 960px) 100vw, 960px\" \/><\/figure><\/li><li class=\"blocks-gallery-item\"><figure><img loading=\"lazy\" width=\"720\" height=\"960\" src=\"https:\/\/kktchurda.com\/wp-content\/uploads\/2022\/01\/WhatsApp-Image-2022-01-11-at-18.38.55-1.jpeg\" alt=\"\" data-id=\"110\" data-link=\"https:\/\/kktchurda.com\/?attachment_id=110\" class=\"wp-image-110\" srcset=\"https:\/\/kktchurda.com\/wp-content\/uploads\/2022\/01\/WhatsApp-Image-2022-01-11-at-18.38.55-1.jpeg 720w, https:\/\/kktchurda.com\/wp-content\/uploads\/2022\/01\/WhatsApp-Image-2022-01-11-at-18.38.55-1-225x300.jpeg 225w\" sizes=\"(max-width: 720px) 100vw, 720px\" \/><\/figure><\/li><li class=\"blocks-gallery-item\"><figure><img loading=\"lazy\" width=\"720\" height=\"960\" src=\"https:\/\/kktchurda.com\/wp-content\/uploads\/2022\/01\/WhatsApp-Image-2022-01-11-at-18.38.55-2.jpeg\" alt=\"\" data-id=\"111\" data-link=\"https:\/\/kktchurda.com\/?attachment_id=111\" class=\"wp-image-111\" srcset=\"https:\/\/kktchurda.com\/wp-content\/uploads\/2022\/01\/WhatsApp-Image-2022-01-11-at-18.38.55-2.jpeg 720w, https:\/\/kktchurda.com\/wp-content\/uploads\/2022\/01\/WhatsApp-Image-2022-01-11-at-18.38.55-2-225x300.jpeg 225w\" sizes=\"(max-width: 720px) 100vw, 720px\" \/><\/figure><\/li><li class=\"blocks-gallery-item\"><figure><img loading=\"lazy\" width=\"720\" height=\"960\" src=\"https:\/\/kktchurda.com\/wp-content\/uploads\/2022\/01\/WhatsApp-Image-2022-01-11-at-18.38.55-3.jpeg\" alt=\"\" data-id=\"112\" data-link=\"https:\/\/kktchurda.com\/?attachment_id=112\" class=\"wp-image-112\" srcset=\"https:\/\/kktchurda.com\/wp-content\/uploads\/2022\/01\/WhatsApp-Image-2022-01-11-at-18.38.55-3.jpeg 720w, https:\/\/kktchurda.com\/wp-content\/uploads\/2022\/01\/WhatsApp-Image-2022-01-11-at-18.38.55-3-225x300.jpeg 225w\" sizes=\"(max-width: 720px) 100vw, 720px\" \/><\/figure><\/li><li class=\"blocks-gallery-item\"><figure><img loading=\"lazy\" width=\"960\" height=\"721\" src=\"https:\/\/kktchurda.com\/wp-content\/uploads\/2022\/01\/WhatsApp-Image-2022-01-11-at-18.38.55-4.jpeg\" alt=\"\" data-id=\"113\" data-link=\"https:\/\/kktchurda.com\/?attachment_id=113\" class=\"wp-image-113\" srcset=\"https:\/\/kktchurda.com\/wp-content\/uploads\/2022\/01\/WhatsApp-Image-2022-01-11-at-18.38.55-4.jpeg 960w, https:\/\/kktchurda.com\/wp-content\/uploads\/2022\/01\/WhatsApp-Image-2022-01-11-at-18.38.55-4-300x225.jpeg 300w, https:\/\/kktchurda.com\/wp-content\/uploads\/2022\/01\/WhatsApp-Image-2022-01-11-at-18.38.55-4-768x577.jpeg 768w\" sizes=\"(max-width: 960px) 100vw, 960px\" \/><\/figure><\/li><li class=\"blocks-gallery-item\"><figure><img loading=\"lazy\" width=\"720\" height=\"960\" src=\"https:\/\/kktchurda.com\/wp-content\/uploads\/2022\/01\/WhatsApp-Image-2022-01-11-at-18.38.56.jpeg\" alt=\"\" data-id=\"114\" data-link=\"https:\/\/kktchurda.com\/?attachment_id=114\" class=\"wp-image-114\" srcset=\"https:\/\/kktchurda.com\/wp-content\/uploads\/2022\/01\/WhatsApp-Image-2022-01-11-at-18.38.56.jpeg 720w, https:\/\/kktchurda.com\/wp-content\/uploads\/2022\/01\/WhatsApp-Image-2022-01-11-at-18.38.56-225x300.jpeg 225w\" sizes=\"(max-width: 720px) 100vw, 720px\" \/><\/figure><\/li><li class=\"blocks-gallery-item\"><figure><img loading=\"lazy\" width=\"960\" height=\"721\" src=\"https:\/\/kktchurda.com\/wp-content\/uploads\/2022\/01\/WhatsApp-Image-2022-01-11-at-18.38.56-1.jpeg\" alt=\"\" data-id=\"115\" data-link=\"https:\/\/kktchurda.com\/?attachment_id=115\" class=\"wp-image-115\" srcset=\"https:\/\/kktchurda.com\/wp-content\/uploads\/2022\/01\/WhatsApp-Image-2022-01-11-at-18.38.56-1.jpeg 960w, https:\/\/kktchurda.com\/wp-content\/uploads\/2022\/01\/WhatsApp-Image-2022-01-11-at-18.38.56-1-300x225.jpeg 300w, https:\/\/kktchurda.com\/wp-content\/uploads\/2022\/01\/WhatsApp-Image-2022-01-11-at-18.38.56-1-768x577.jpeg 768w\" sizes=\"(max-width: 960px) 100vw, 960px\" \/><\/figure><\/li><li class=\"blocks-gallery-item\"><figure><img loading=\"lazy\" width=\"720\" height=\"960\" src=\"https:\/\/kktchurda.com\/wp-content\/uploads\/2022\/01\/WhatsApp-Image-2022-01-11-at-18.38.56-2.jpeg\" alt=\"\" data-id=\"116\" data-link=\"https:\/\/kktchurda.com\/?attachment_id=116\" class=\"wp-image-116\" srcset=\"https:\/\/kktchurda.com\/wp-content\/uploads\/2022\/01\/WhatsApp-Image-2022-01-11-at-18.38.56-2.jpeg 720w, https:\/\/kktchurda.com\/wp-content\/uploads\/2022\/01\/WhatsApp-Image-2022-01-11-at-18.38.56-2-225x300.jpeg 225w\" sizes=\"(max-width: 720px) 100vw, 720px\" \/><\/figure><\/li><li class=\"blocks-gallery-item\"><figure><img loading=\"lazy\" width=\"720\" height=\"960\" src=\"https:\/\/kktchurda.com\/wp-content\/uploads\/2022\/01\/WhatsApp-Image-2022-01-11-at-18.38.57.jpeg\" alt=\"\" data-id=\"117\" data-link=\"https:\/\/kktchurda.com\/?attachment_id=117\" class=\"wp-image-117\" srcset=\"https:\/\/kktchurda.com\/wp-content\/uploads\/2022\/01\/WhatsApp-Image-2022-01-11-at-18.38.57.jpeg 720w, https:\/\/kktchurda.com\/wp-content\/uploads\/2022\/01\/WhatsApp-Image-2022-01-11-at-18.38.57-225x300.jpeg 225w\" sizes=\"(max-width: 720px) 100vw, 720px\" \/><\/figure><\/li><li class=\"blocks-gallery-item\"><figure><img loading=\"lazy\" width=\"960\" height=\"721\" src=\"https:\/\/kktchurda.com\/wp-content\/uploads\/2022\/01\/WhatsApp-Image-2022-01-11-at-18.38.57-1.jpeg\" alt=\"\" data-id=\"118\" data-link=\"https:\/\/kktchurda.com\/?attachment_id=118\" class=\"wp-image-118\" srcset=\"https:\/\/kktchurda.com\/wp-content\/uploads\/2022\/01\/WhatsApp-Image-2022-01-11-at-18.38.57-1.jpeg 960w, https:\/\/kktchurda.com\/wp-content\/uploads\/2022\/01\/WhatsApp-Image-2022-01-11-at-18.38.57-1-300x225.jpeg 300w, https:\/\/kktchurda.com\/wp-content\/uploads\/2022\/01\/WhatsApp-Image-2022-01-11-at-18.38.57-1-768x577.jpeg 768w\" sizes=\"(max-width: 960px) 100vw, 960px\" \/><\/figure><\/li><li class=\"blocks-gallery-item\"><figure><img loading=\"lazy\" width=\"720\" height=\"960\" src=\"https:\/\/kktchurda.com\/wp-content\/uploads\/2022\/01\/WhatsApp-Image-2022-01-11-at-18.38.57-2.jpeg\" alt=\"\" data-id=\"119\" data-full-url=\"https:\/\/kktchurda.com\/wp-content\/uploads\/2022\/01\/WhatsApp-Image-2022-01-11-at-18.38.57-2.jpeg\" data-link=\"https:\/\/kktchurda.com\/?attachment_id=119\" class=\"wp-image-119\" srcset=\"https:\/\/kktchurda.com\/wp-content\/uploads\/2022\/01\/WhatsApp-Image-2022-01-11-at-18.38.57-2.jpeg 720w, https:\/\/kktchurda.com\/wp-content\/uploads\/2022\/01\/WhatsApp-Image-2022-01-11-at-18.38.57-2-225x300.jpeg 225w\" sizes=\"(max-width: 720px) 100vw, 720px\" \/><\/figure><\/li><\/ul><\/figure>\n\n\n\n<figure class=\"wp-block-gallery columns-3 is-cropped\"><ul class=\"blocks-gallery-grid\"><li class=\"blocks-gallery-item\"><figure><img loading=\"lazy\" width=\"720\" height=\"960\" src=\"https:\/\/kktchurda.com\/wp-content\/uploads\/2022\/01\/WhatsApp-Image-2022-01-11-at-18.38.57-2-1.jpeg\" alt=\"\" data-id=\"121\" data-link=\"https:\/\/kktchurda.com\/?attachment_id=121\" class=\"wp-image-121\" srcset=\"https:\/\/kktchurda.com\/wp-content\/uploads\/2022\/01\/WhatsApp-Image-2022-01-11-at-18.38.57-2-1.jpeg 720w, https:\/\/kktchurda.com\/wp-content\/uploads\/2022\/01\/WhatsApp-Image-2022-01-11-at-18.38.57-2-1-225x300.jpeg 225w\" sizes=\"(max-width: 720px) 100vw, 720px\" \/><\/figure><\/li><li class=\"blocks-gallery-item\"><figure><img loading=\"lazy\" width=\"720\" height=\"960\" src=\"https:\/\/kktchurda.com\/wp-content\/uploads\/2022\/01\/WhatsApp-Image-2022-01-11-at-18.38.57-3.jpeg\" alt=\"\" data-id=\"122\" data-link=\"https:\/\/kktchurda.com\/?attachment_id=122\" class=\"wp-image-122\" srcset=\"https:\/\/kktchurda.com\/wp-content\/uploads\/2022\/01\/WhatsApp-Image-2022-01-11-at-18.38.57-3.jpeg 720w, https:\/\/kktchurda.com\/wp-content\/uploads\/2022\/01\/WhatsApp-Image-2022-01-11-at-18.38.57-3-225x300.jpeg 225w\" sizes=\"(max-width: 720px) 100vw, 720px\" \/><\/figure><\/li><li class=\"blocks-gallery-item\"><figure><img loading=\"lazy\" width=\"473\" height=\"1024\" src=\"https:\/\/kktchurda.com\/wp-content\/uploads\/2022\/01\/WhatsApp-Image-2022-01-11-at-18.38.58-473x1024.jpeg\" alt=\"\" data-id=\"123\" data-link=\"https:\/\/kktchurda.com\/?attachment_id=123\" class=\"wp-image-123\" srcset=\"https:\/\/kktchurda.com\/wp-content\/uploads\/2022\/01\/WhatsApp-Image-2022-01-11-at-18.38.58-473x1024.jpeg 473w, https:\/\/kktchurda.com\/wp-content\/uploads\/2022\/01\/WhatsApp-Image-2022-01-11-at-18.38.58-139x300.jpeg 139w, https:\/\/kktchurda.com\/wp-content\/uploads\/2022\/01\/WhatsApp-Image-2022-01-11-at-18.38.58.jpeg 640w\" sizes=\"(max-width: 473px) 100vw, 473px\" \/><\/figure><\/li><li class=\"blocks-gallery-item\"><figure><img loading=\"lazy\" width=\"720\" height=\"960\" src=\"https:\/\/kktchurda.com\/wp-content\/uploads\/2022\/01\/WhatsApp-Image-2022-01-11-at-18.38.58-1.jpeg\" alt=\"\" data-id=\"124\" data-full-url=\"https:\/\/kktchurda.com\/wp-content\/uploads\/2022\/01\/WhatsApp-Image-2022-01-11-at-18.38.58-1.jpeg\" data-link=\"https:\/\/kktchurda.com\/?attachment_id=124\" class=\"wp-image-124\" srcset=\"https:\/\/kktchurda.com\/wp-content\/uploads\/2022\/01\/WhatsApp-Image-2022-01-11-at-18.38.58-1.jpeg 720w, https:\/\/kktchurda.com\/wp-content\/uploads\/2022\/01\/WhatsApp-Image-2022-01-11-at-18.38.58-1-225x300.jpeg 225w\" sizes=\"(max-width: 720px) 100vw, 720px\" \/><\/figure><\/li><\/ul><\/figure>\n\n\n\n<p><\/p>\n","protected":false},"excerpt":{"rendered":"","protected":false},"author":2,"featured_media":0,"parent":0,"menu_order":0,"comment_status":"closed","ping_status":"closed","template":"template-fullwidth.php","meta":[],"_links":{"self":[{"href":"https:\/\/kktchurda.com\/index.php?rest_route=\/wp\/v2\/pages\/86"}],"collection":[{"href":"https:\/\/kktchurda.com\/index.php?rest_route=\/wp\/v2\/pages"}],"about":[{"href":"https:\/\/kktchurda.com\/index.php?rest_route=\/wp\/v2\/types\/page"}],"author":[{"embeddable":true,"href":"https:\/\/kktchurda.com\/index.php?rest_route=\/wp\/v2\/users\/2"}],"replies":[{"embeddable":true,"href":"https:\/\/kktchurda.com\/index.php?rest_route=%2Fwp%2Fv2%2Fcomments&post=86"}],"version-history":[{"count":5,"href":"https:\/\/kktchurda.com\/index.php?rest_route=\/wp\/v2\/pages\/86\/revisions"}],"predecessor-version":[{"id":146,"href":"https:\/\/kktchurda.com\/index.php?rest_route=\/wp\/v2\/pages\/86\/revisions\/146"}],"wp:attachment":[{"href":"https:\/\/kktchurda.com\/index.php?rest_route=%2Fwp%2Fv2%2Fmedia&parent=86"}],"curies":[{"name":"wp","href":"https:\/\/api.w.org\/{rel}","templated":true}]}}