{"id":88,"date":"2022-01-12T12:56:44","date_gmt":"2022-01-12T12:56:44","guid":{"rendered":"https:\/\/kktchurda.com\/?page_id=88"},"modified":"2022-01-12T19:21:03","modified_gmt":"2022-01-12T19:21:03","slug":"iletisim","status":"publish","type":"page","link":"https:\/\/kktchurda.com\/?page_id=88","title":{"rendered":"\u0130LET\u0130\u015e\u0130M"},"content":{"rendered":"\n<p><strong>Kirli Sanayi B\u00f6lgesi Haspolat Lefko\u015fa \/ KKTC <\/strong><\/p>\n\n\n\n<p><br><a href=\"mailto:abc@example.com\">info@kktchurda.com<\/a><\/p>\n\n\n\n<p><br><a href=\"tel:+99 999 999 99\">+0533 875 73 55<\/a><\/p>\n\n\n\n<p> KKTC<\/p>\n\n\n\n<p><\/p>\n\n\n\n<figure class=\"wp-block-image size-large\"><a href=\"https:\/\/www.google.com\/maps\/place\/Kktc+Hurda\/@35.2007917,33.428094,16.83z\/data=!4m5!3m4!1s0x0:0xeda2cc2b8491b8d1!8m2!3d35.2005607!4d33.42863\" target=\"_blank\" rel=\"noopener\"><img loading=\"lazy\" width=\"1024\" height=\"571\" src=\"https:\/\/kktchurda.com\/wp-content\/uploads\/2022\/01\/MAP-1024x571.jpg\" alt=\"\" class=\"wp-image-157\" srcset=\"https:\/\/kktchurda.com\/wp-content\/uploads\/2022\/01\/MAP-1024x571.jpg 1024w, https:\/\/kktchurda.com\/wp-content\/uploads\/2022\/01\/MAP-300x167.jpg 300w, https:\/\/kktchurda.com\/wp-content\/uploads\/2022\/01\/MAP-768x429.jpg 768w, https:\/\/kktchurda.com\/wp-content\/uploads\/2022\/01\/MAP.jpg 1138w\" sizes=\"(max-width: 1024px) 100vw, 1024px\" \/><\/a><\/figure>\n","protected":false},"excerpt":{"rendered":"<p>Kirli Sanayi B\u00f6lgesi Haspolat Lefko\u015fa \/ KKTC info@kktchurda.com +0533 875 73 55 KKTC<\/p>\n","protected":false},"author":2,"featured_media":0,"parent":0,"menu_order":0,"comment_status":"closed","ping_status":"closed","template":"","meta":[],"_links":{"self":[{"href":"https:\/\/kktchurda.com\/index.php?rest_route=\/wp\/v2\/pages\/88"}],"collection":[{"href":"https:\/\/kktchurda.com\/index.php?rest_route=\/wp\/v2\/pages"}],"about":[{"href":"https:\/\/kktchurda.com\/index.php?rest_route=\/wp\/v2\/types\/page"}],"author":[{"embeddable":true,"href":"https:\/\/kktchurda.com\/index.php?rest_route=\/wp\/v2\/users\/2"}],"replies":[{"embeddable":true,"href":"https:\/\/kktchurda.com\/index.php?rest_route=%2Fwp%2Fv2%2Fcomments&post=88"}],"version-history":[{"count":4,"href":"https:\/\/kktchurda.com\/index.php?rest_route=\/wp\/v2\/pages\/88\/revisions"}],"predecessor-version":[{"id":159,"href":"https:\/\/kktchurda.com\/index.php?rest_route=\/wp\/v2\/pages\/88\/revisions\/159"}],"wp:attachment":[{"href":"https:\/\/kktchurda.com\/index.php?rest_route=%2Fwp%2Fv2%2Fmedia&parent=88"}],"curies":[{"name":"wp","href":"https:\/\/api.w.org\/{rel}","templated":true}]}}